{"id":398,"date":"2025-02-02T14:32:52","date_gmt":"2025-02-02T13:32:52","guid":{"rendered":"https:\/\/pbojakowski.pl\/?page_id=398"},"modified":"2025-03-18T15:30:15","modified_gmt":"2025-03-18T14:30:15","slug":"separatory-membranowe","status":"publish","type":"page","link":"https:\/\/pbojakowski.pl\/en\/separatory-membranowe\/","title":{"rendered":"Diaphragm Seals"},"content":{"rendered":"<p class=\"has-custom-color-2-color has-text-color has-link-color wp-elements-d23f31227871ccb72fcbd61a04cbfd0a\">Diaphragm Seals are used when measuring pressures of corrosive media.<br>Diaphragm seals can be connected to: manometers, pressure transducers, pressure switches.<\/p>\n\n\n\n<h3 class=\"wp-block-heading has-custom-color-2-color has-text-color has-link-color wp-elements-95bcd63fbb965935c72efb0091c550a3\">Technical data:<\/h3>\n\n\n\n<ul class=\"wp-block-list\">\n<li class=\"has-custom-color-2-color has-text-color has-link-color wp-elements-8642be6c645453c1aa43d4a57c94347f\"><strong>Diaphragm materials:<\/strong> PTFE, Viton, EPDM<\/li>\n\n\n\n<li class=\"has-custom-color-2-color has-text-color has-link-color wp-elements-148ab5a6dcef0671177f712ccc05262a\"><strong>Body materials:<\/strong> PTFE, PP, PVC, PVDF<\/li>\n\n\n\n<li class=\"has-custom-color-2-color has-text-color has-link-color wp-elements-5e22b0f0af201b2ce9309fbaae8f9373\"><strong>Process connection:<\/strong> G1\/2 male, G1\/2 female<\/li>\n<\/ul>\n\n\n\n<p><\/p>","protected":false},"excerpt":{"rendered":"<p>Separatory membranowe s\u0105 stosowane przy pomiarach ci\u015bnie\u0144 medi\u00f3w korozyjnych.Separatory membranowe mog\u0105 by\u0107 po\u0142\u0105czone z: manometrami, przetwornikami ci\u015bnienia, sygnalizatorami ci\u015bnienia. Dane techniczne:<\/p>","protected":false},"author":1,"featured_media":0,"parent":0,"menu_order":0,"comment_status":"closed","ping_status":"closed","template":"","meta":{"footnotes":""},"class_list":["post-398","page","type-page","status-publish","hentry"],"yoast_head":"<!-- This site is optimized with the Yoast SEO plugin v27.5 - https:\/\/yoast.com\/product\/yoast-seo-wordpress\/ -->\n<title>Separatory membranowe, PTFE, VITON - PB Piotr Bojakowski<\/title>\n<meta name=\"description\" content=\"Separatory membranowe PTFE i VITON do ochrony manometr\u00f3w i przetwornik\u00f3w ci\u015bnienia przed mediami korozyjnymi.\" \/>\n<meta name=\"robots\" content=\"index, follow, max-snippet:-1, max-image-preview:large, max-video-preview:-1\" \/>\n<link rel=\"canonical\" href=\"https:\/\/pbojakowski.pl\/en\/separatory-membranowe\/\" \/>\n<meta property=\"og:locale\" content=\"en_US\" \/>\n<meta property=\"og:type\" content=\"article\" \/>\n<meta property=\"og:title\" content=\"Separatory membranowe, PTFE, VITON - PB Piotr Bojakowski\" \/>\n<meta property=\"og:description\" content=\"Separatory membranowe PTFE i VITON do ochrony manometr\u00f3w i przetwornik\u00f3w ci\u015bnienia przed mediami korozyjnymi.\" \/>\n<meta property=\"og:url\" content=\"https:\/\/pbojakowski.pl\/en\/separatory-membranowe\/\" \/>\n<meta property=\"og:site_name\" content=\"PB Piotr Bojakowski\" \/>\n<meta property=\"article:modified_time\" content=\"2025-03-18T14:30:15+00:00\" \/>\n<meta name=\"twitter:card\" content=\"summary_large_image\" \/>\n<meta name=\"twitter:label1\" content=\"Est. reading time\" \/>\n\t<meta name=\"twitter:data1\" content=\"1 minute\" \/>\n<script type=\"application\/ld+json\" class=\"yoast-schema-graph\">{\"@context\":\"https:\\\/\\\/schema.org\",\"@graph\":[{\"@type\":\"WebPage\",\"@id\":\"https:\\\/\\\/pbojakowski.pl\\\/separatory-membranowe\\\/\",\"url\":\"https:\\\/\\\/pbojakowski.pl\\\/separatory-membranowe\\\/\",\"name\":\"Separatory membranowe, PTFE, VITON - PB Piotr Bojakowski\",\"isPartOf\":{\"@id\":\"https:\\\/\\\/pbojakowski.pl\\\/#website\"},\"datePublished\":\"2025-02-02T13:32:52+00:00\",\"dateModified\":\"2025-03-18T14:30:15+00:00\",\"description\":\"Separatory membranowe PTFE i VITON do ochrony manometr\u00f3w i przetwornik\u00f3w ci\u015bnienia przed mediami korozyjnymi.\",\"breadcrumb\":{\"@id\":\"https:\\\/\\\/pbojakowski.pl\\\/separatory-membranowe\\\/#breadcrumb\"},\"inLanguage\":\"en-US\",\"potentialAction\":[{\"@type\":\"ReadAction\",\"target\":[\"https:\\\/\\\/pbojakowski.pl\\\/separatory-membranowe\\\/\"]}]},{\"@type\":\"BreadcrumbList\",\"@id\":\"https:\\\/\\\/pbojakowski.pl\\\/separatory-membranowe\\\/#breadcrumb\",\"itemListElement\":[{\"@type\":\"ListItem\",\"position\":1,\"name\":\"Strona g\u0142\u00f3wna\",\"item\":\"https:\\\/\\\/pbojakowski.pl\\\/\"},{\"@type\":\"ListItem\",\"position\":2,\"name\":\"Separatory membranowe\"}]},{\"@type\":\"WebSite\",\"@id\":\"https:\\\/\\\/pbojakowski.pl\\\/#website\",\"url\":\"https:\\\/\\\/pbojakowski.pl\\\/\",\"name\":\"PB Piotr Bojakowski\",\"description\":\"\",\"publisher\":{\"@id\":\"https:\\\/\\\/pbojakowski.pl\\\/#organization\"},\"potentialAction\":[{\"@type\":\"SearchAction\",\"target\":{\"@type\":\"EntryPoint\",\"urlTemplate\":\"https:\\\/\\\/pbojakowski.pl\\\/?s={search_term_string}\"},\"query-input\":{\"@type\":\"PropertyValueSpecification\",\"valueRequired\":true,\"valueName\":\"search_term_string\"}}],\"inLanguage\":\"en-US\"},{\"@type\":\"Organization\",\"@id\":\"https:\\\/\\\/pbojakowski.pl\\\/#organization\",\"name\":\"PB Piotr Bojakowski\",\"url\":\"https:\\\/\\\/pbojakowski.pl\\\/\",\"logo\":{\"@type\":\"ImageObject\",\"inLanguage\":\"en-US\",\"@id\":\"https:\\\/\\\/pbojakowski.pl\\\/#\\\/schema\\\/logo\\\/image\\\/\",\"url\":\"https:\\\/\\\/pbojakowski.pl\\\/wp-content\\\/uploads\\\/2025\\\/01\\\/Untitled-2-1.webp\",\"contentUrl\":\"https:\\\/\\\/pbojakowski.pl\\\/wp-content\\\/uploads\\\/2025\\\/01\\\/Untitled-2-1.webp\",\"width\":250,\"height\":189,\"caption\":\"PB Piotr Bojakowski\"},\"image\":{\"@id\":\"https:\\\/\\\/pbojakowski.pl\\\/#\\\/schema\\\/logo\\\/image\\\/\"}}]}<\/script>\n<!-- \/ Yoast SEO plugin. -->","yoast_head_json":{"title":"Separatory membranowe, PTFE, VITON - PB Piotr Bojakowski","description":"Separatory membranowe PTFE i VITON do ochrony manometr\u00f3w i przetwornik\u00f3w ci\u015bnienia przed mediami korozyjnymi.","robots":{"index":"index","follow":"follow","max-snippet":"max-snippet:-1","max-image-preview":"max-image-preview:large","max-video-preview":"max-video-preview:-1"},"canonical":"https:\/\/pbojakowski.pl\/en\/separatory-membranowe\/","og_locale":"en_US","og_type":"article","og_title":"Separatory membranowe, PTFE, VITON - PB Piotr Bojakowski","og_description":"Separatory membranowe PTFE i VITON do ochrony manometr\u00f3w i przetwornik\u00f3w ci\u015bnienia przed mediami korozyjnymi.","og_url":"https:\/\/pbojakowski.pl\/en\/separatory-membranowe\/","og_site_name":"PB Piotr Bojakowski","article_modified_time":"2025-03-18T14:30:15+00:00","twitter_card":"summary_large_image","twitter_misc":{"Est. reading time":"1 minute"},"schema":{"@context":"https:\/\/schema.org","@graph":[{"@type":"WebPage","@id":"https:\/\/pbojakowski.pl\/separatory-membranowe\/","url":"https:\/\/pbojakowski.pl\/separatory-membranowe\/","name":"Separatory membranowe, PTFE, VITON - PB Piotr Bojakowski","isPartOf":{"@id":"https:\/\/pbojakowski.pl\/#website"},"datePublished":"2025-02-02T13:32:52+00:00","dateModified":"2025-03-18T14:30:15+00:00","description":"Separatory membranowe PTFE i VITON do ochrony manometr\u00f3w i przetwornik\u00f3w ci\u015bnienia przed mediami korozyjnymi.","breadcrumb":{"@id":"https:\/\/pbojakowski.pl\/separatory-membranowe\/#breadcrumb"},"inLanguage":"en-US","potentialAction":[{"@type":"ReadAction","target":["https:\/\/pbojakowski.pl\/separatory-membranowe\/"]}]},{"@type":"BreadcrumbList","@id":"https:\/\/pbojakowski.pl\/separatory-membranowe\/#breadcrumb","itemListElement":[{"@type":"ListItem","position":1,"name":"Strona g\u0142\u00f3wna","item":"https:\/\/pbojakowski.pl\/"},{"@type":"ListItem","position":2,"name":"Separatory membranowe"}]},{"@type":"WebSite","@id":"https:\/\/pbojakowski.pl\/#website","url":"https:\/\/pbojakowski.pl\/","name":"PB Piotr Bojakowski","description":"","publisher":{"@id":"https:\/\/pbojakowski.pl\/#organization"},"potentialAction":[{"@type":"SearchAction","target":{"@type":"EntryPoint","urlTemplate":"https:\/\/pbojakowski.pl\/?s={search_term_string}"},"query-input":{"@type":"PropertyValueSpecification","valueRequired":true,"valueName":"search_term_string"}}],"inLanguage":"en-US"},{"@type":"Organization","@id":"https:\/\/pbojakowski.pl\/#organization","name":"PB Piotr Bojakowski","url":"https:\/\/pbojakowski.pl\/","logo":{"@type":"ImageObject","inLanguage":"en-US","@id":"https:\/\/pbojakowski.pl\/#\/schema\/logo\/image\/","url":"https:\/\/pbojakowski.pl\/wp-content\/uploads\/2025\/01\/Untitled-2-1.webp","contentUrl":"https:\/\/pbojakowski.pl\/wp-content\/uploads\/2025\/01\/Untitled-2-1.webp","width":250,"height":189,"caption":"PB Piotr Bojakowski"},"image":{"@id":"https:\/\/pbojakowski.pl\/#\/schema\/logo\/image\/"}}]}},"_links":{"self":[{"href":"https:\/\/pbojakowski.pl\/en\/wp-json\/wp\/v2\/pages\/398","targetHints":{"allow":["GET"]}}],"collection":[{"href":"https:\/\/pbojakowski.pl\/en\/wp-json\/wp\/v2\/pages"}],"about":[{"href":"https:\/\/pbojakowski.pl\/en\/wp-json\/wp\/v2\/types\/page"}],"author":[{"embeddable":true,"href":"https:\/\/pbojakowski.pl\/en\/wp-json\/wp\/v2\/users\/1"}],"replies":[{"embeddable":true,"href":"https:\/\/pbojakowski.pl\/en\/wp-json\/wp\/v2\/comments?post=398"}],"version-history":[{"count":2,"href":"https:\/\/pbojakowski.pl\/en\/wp-json\/wp\/v2\/pages\/398\/revisions"}],"predecessor-version":[{"id":567,"href":"https:\/\/pbojakowski.pl\/en\/wp-json\/wp\/v2\/pages\/398\/revisions\/567"}],"wp:attachment":[{"href":"https:\/\/pbojakowski.pl\/en\/wp-json\/wp\/v2\/media?parent=398"}],"curies":[{"name":"wp","href":"https:\/\/api.w.org\/{rel}","templated":true}]}}