{"id":466,"date":"2025-02-10T14:01:04","date_gmt":"2025-02-10T13:01:04","guid":{"rendered":"https:\/\/pbojakowski.pl\/?page_id=466"},"modified":"2025-03-18T15:35:17","modified_gmt":"2025-03-18T14:35:17","slug":"rurki-syfonowe","status":"publish","type":"page","link":"https:\/\/pbojakowski.pl\/en\/rurki-syfonowe\/","title":{"rendered":"Syphon Tubes"},"content":{"rendered":"<p>Siphon tubes are used to protect pressure gauges against high temperatures and pressure pulsations.<\/p>\n\n\n\n<h3 class=\"wp-block-heading\">Technical data:<\/h3>\n\n\n\n<ul class=\"wp-block-list\">\n<li><strong>Materials:<\/strong> carbon steel, stainless steel 304 (1.4301), stainless steel 316L (1.4404), brass<\/li>\n\n\n\n<li><strong>Connection types:<\/strong> threaded (M20x1.5, G1\/2, G1\/4, NPT), flanged<\/li>\n\n\n\n<li><strong>Tube types:<\/strong> straight, U-shaped, pigtail<\/li>\n\n\n\n<li><strong>Application:<\/strong> protection of pressure gauges against temperature spikes and pressure surges<\/li>\n<\/ul>\n\n\n\n<h3 class=\"wp-block-heading\">Tubular radiators:<\/h3>\n\n\n\n<ul class=\"wp-block-list\">\n<li><strong>Function:<\/strong> removing heat from the medium before measurement<\/li>\n\n\n\n<li><strong>Materials:<\/strong> acid-resistant steel 304, 316L<\/li>\n\n\n\n<li><strong>Connection types:<\/strong> threaded, flanged<\/li>\n<\/ul>\n\n\n\n<p><strong>Siphon tubes and radiators can be supplied with various variants of connections and materials, adapted to specific operating conditions.<\/strong><\/p>\n\n\n\n<p><\/p>","protected":false},"excerpt":{"rendered":"<p>Rurki syfonowe s\u0105 stosowane do ochrony manometr\u00f3w przed dzia\u0142aniem wysokich temperatur oraz pulsacji ci\u015bnienia. Dane techniczne: Radiatory rurowe: Rurki syfonowe oraz radiatory mog\u0105 by\u0107 dostarczane w r\u00f3\u017cnych wariantach przy\u0142\u0105czy i materia\u0142\u00f3w, dostosowanych do specyficznych warunk\u00f3w pracy.<\/p>","protected":false},"author":1,"featured_media":0,"parent":0,"menu_order":0,"comment_status":"closed","ping_status":"closed","template":"","meta":{"footnotes":""},"class_list":["post-466","page","type-page","status-publish","hentry"],"yoast_head":"<!-- This site is optimized with the Yoast SEO plugin v27.4 - https:\/\/yoast.com\/product\/yoast-seo-wordpress\/ -->\n<title>Rurki syfonowe 316L Kwasoodporne i radiatory - PB Piotr Bojakowski<\/title>\n<meta name=\"description\" content=\"Kwasoodporne rurki syfonowe wykonane ze stali nierdzewnej 316L do ochrony manometr\u00f3w przed wysokimi temperaturami i skokami ci\u015bnienia.\" \/>\n<meta name=\"robots\" content=\"index, follow, max-snippet:-1, max-image-preview:large, max-video-preview:-1\" \/>\n<link rel=\"canonical\" href=\"https:\/\/pbojakowski.pl\/en\/rurki-syfonowe\/\" \/>\n<meta property=\"og:locale\" content=\"en_US\" \/>\n<meta property=\"og:type\" content=\"article\" \/>\n<meta property=\"og:title\" content=\"Rurki syfonowe 316L Kwasoodporne i radiatory - PB Piotr Bojakowski\" \/>\n<meta property=\"og:description\" content=\"Kwasoodporne rurki syfonowe wykonane ze stali nierdzewnej 316L do ochrony manometr\u00f3w przed wysokimi temperaturami i skokami ci\u015bnienia.\" \/>\n<meta property=\"og:url\" content=\"https:\/\/pbojakowski.pl\/en\/rurki-syfonowe\/\" \/>\n<meta property=\"og:site_name\" content=\"PB Piotr Bojakowski\" \/>\n<meta property=\"article:modified_time\" content=\"2025-03-18T14:35:17+00:00\" \/>\n<meta name=\"twitter:card\" content=\"summary_large_image\" \/>\n<meta name=\"twitter:label1\" content=\"Est. reading time\" \/>\n\t<meta name=\"twitter:data1\" content=\"1 minute\" \/>\n<script type=\"application\/ld+json\" class=\"yoast-schema-graph\">{\"@context\":\"https:\\\/\\\/schema.org\",\"@graph\":[{\"@type\":\"WebPage\",\"@id\":\"https:\\\/\\\/pbojakowski.pl\\\/rurki-syfonowe\\\/\",\"url\":\"https:\\\/\\\/pbojakowski.pl\\\/rurki-syfonowe\\\/\",\"name\":\"Rurki syfonowe 316L Kwasoodporne i radiatory - PB Piotr Bojakowski\",\"isPartOf\":{\"@id\":\"https:\\\/\\\/pbojakowski.pl\\\/#website\"},\"datePublished\":\"2025-02-10T13:01:04+00:00\",\"dateModified\":\"2025-03-18T14:35:17+00:00\",\"description\":\"Kwasoodporne rurki syfonowe wykonane ze stali nierdzewnej 316L do ochrony manometr\u00f3w przed wysokimi temperaturami i skokami ci\u015bnienia.\",\"breadcrumb\":{\"@id\":\"https:\\\/\\\/pbojakowski.pl\\\/rurki-syfonowe\\\/#breadcrumb\"},\"inLanguage\":\"en-US\",\"potentialAction\":[{\"@type\":\"ReadAction\",\"target\":[\"https:\\\/\\\/pbojakowski.pl\\\/rurki-syfonowe\\\/\"]}]},{\"@type\":\"BreadcrumbList\",\"@id\":\"https:\\\/\\\/pbojakowski.pl\\\/rurki-syfonowe\\\/#breadcrumb\",\"itemListElement\":[{\"@type\":\"ListItem\",\"position\":1,\"name\":\"Strona g\u0142\u00f3wna\",\"item\":\"https:\\\/\\\/pbojakowski.pl\\\/\"},{\"@type\":\"ListItem\",\"position\":2,\"name\":\"Rurki syfonowe\"}]},{\"@type\":\"WebSite\",\"@id\":\"https:\\\/\\\/pbojakowski.pl\\\/#website\",\"url\":\"https:\\\/\\\/pbojakowski.pl\\\/\",\"name\":\"PB Piotr Bojakowski\",\"description\":\"\",\"publisher\":{\"@id\":\"https:\\\/\\\/pbojakowski.pl\\\/#organization\"},\"potentialAction\":[{\"@type\":\"SearchAction\",\"target\":{\"@type\":\"EntryPoint\",\"urlTemplate\":\"https:\\\/\\\/pbojakowski.pl\\\/?s={search_term_string}\"},\"query-input\":{\"@type\":\"PropertyValueSpecification\",\"valueRequired\":true,\"valueName\":\"search_term_string\"}}],\"inLanguage\":\"en-US\"},{\"@type\":\"Organization\",\"@id\":\"https:\\\/\\\/pbojakowski.pl\\\/#organization\",\"name\":\"PB Piotr Bojakowski\",\"url\":\"https:\\\/\\\/pbojakowski.pl\\\/\",\"logo\":{\"@type\":\"ImageObject\",\"inLanguage\":\"en-US\",\"@id\":\"https:\\\/\\\/pbojakowski.pl\\\/#\\\/schema\\\/logo\\\/image\\\/\",\"url\":\"https:\\\/\\\/pbojakowski.pl\\\/wp-content\\\/uploads\\\/2025\\\/01\\\/Untitled-2-1.webp\",\"contentUrl\":\"https:\\\/\\\/pbojakowski.pl\\\/wp-content\\\/uploads\\\/2025\\\/01\\\/Untitled-2-1.webp\",\"width\":250,\"height\":189,\"caption\":\"PB Piotr Bojakowski\"},\"image\":{\"@id\":\"https:\\\/\\\/pbojakowski.pl\\\/#\\\/schema\\\/logo\\\/image\\\/\"}}]}<\/script>\n<!-- \/ Yoast SEO plugin. -->","yoast_head_json":{"title":"Rurki syfonowe 316L Kwasoodporne i radiatory - PB Piotr Bojakowski","description":"Kwasoodporne rurki syfonowe wykonane ze stali nierdzewnej 316L do ochrony manometr\u00f3w przed wysokimi temperaturami i skokami ci\u015bnienia.","robots":{"index":"index","follow":"follow","max-snippet":"max-snippet:-1","max-image-preview":"max-image-preview:large","max-video-preview":"max-video-preview:-1"},"canonical":"https:\/\/pbojakowski.pl\/en\/rurki-syfonowe\/","og_locale":"en_US","og_type":"article","og_title":"Rurki syfonowe 316L Kwasoodporne i radiatory - PB Piotr Bojakowski","og_description":"Kwasoodporne rurki syfonowe wykonane ze stali nierdzewnej 316L do ochrony manometr\u00f3w przed wysokimi temperaturami i skokami ci\u015bnienia.","og_url":"https:\/\/pbojakowski.pl\/en\/rurki-syfonowe\/","og_site_name":"PB Piotr Bojakowski","article_modified_time":"2025-03-18T14:35:17+00:00","twitter_card":"summary_large_image","twitter_misc":{"Est. reading time":"1 minute"},"schema":{"@context":"https:\/\/schema.org","@graph":[{"@type":"WebPage","@id":"https:\/\/pbojakowski.pl\/rurki-syfonowe\/","url":"https:\/\/pbojakowski.pl\/rurki-syfonowe\/","name":"Rurki syfonowe 316L Kwasoodporne i radiatory - PB Piotr Bojakowski","isPartOf":{"@id":"https:\/\/pbojakowski.pl\/#website"},"datePublished":"2025-02-10T13:01:04+00:00","dateModified":"2025-03-18T14:35:17+00:00","description":"Kwasoodporne rurki syfonowe wykonane ze stali nierdzewnej 316L do ochrony manometr\u00f3w przed wysokimi temperaturami i skokami ci\u015bnienia.","breadcrumb":{"@id":"https:\/\/pbojakowski.pl\/rurki-syfonowe\/#breadcrumb"},"inLanguage":"en-US","potentialAction":[{"@type":"ReadAction","target":["https:\/\/pbojakowski.pl\/rurki-syfonowe\/"]}]},{"@type":"BreadcrumbList","@id":"https:\/\/pbojakowski.pl\/rurki-syfonowe\/#breadcrumb","itemListElement":[{"@type":"ListItem","position":1,"name":"Strona g\u0142\u00f3wna","item":"https:\/\/pbojakowski.pl\/"},{"@type":"ListItem","position":2,"name":"Rurki syfonowe"}]},{"@type":"WebSite","@id":"https:\/\/pbojakowski.pl\/#website","url":"https:\/\/pbojakowski.pl\/","name":"PB Piotr Bojakowski","description":"","publisher":{"@id":"https:\/\/pbojakowski.pl\/#organization"},"potentialAction":[{"@type":"SearchAction","target":{"@type":"EntryPoint","urlTemplate":"https:\/\/pbojakowski.pl\/?s={search_term_string}"},"query-input":{"@type":"PropertyValueSpecification","valueRequired":true,"valueName":"search_term_string"}}],"inLanguage":"en-US"},{"@type":"Organization","@id":"https:\/\/pbojakowski.pl\/#organization","name":"PB Piotr Bojakowski","url":"https:\/\/pbojakowski.pl\/","logo":{"@type":"ImageObject","inLanguage":"en-US","@id":"https:\/\/pbojakowski.pl\/#\/schema\/logo\/image\/","url":"https:\/\/pbojakowski.pl\/wp-content\/uploads\/2025\/01\/Untitled-2-1.webp","contentUrl":"https:\/\/pbojakowski.pl\/wp-content\/uploads\/2025\/01\/Untitled-2-1.webp","width":250,"height":189,"caption":"PB Piotr Bojakowski"},"image":{"@id":"https:\/\/pbojakowski.pl\/#\/schema\/logo\/image\/"}}]}},"_links":{"self":[{"href":"https:\/\/pbojakowski.pl\/en\/wp-json\/wp\/v2\/pages\/466","targetHints":{"allow":["GET"]}}],"collection":[{"href":"https:\/\/pbojakowski.pl\/en\/wp-json\/wp\/v2\/pages"}],"about":[{"href":"https:\/\/pbojakowski.pl\/en\/wp-json\/wp\/v2\/types\/page"}],"author":[{"embeddable":true,"href":"https:\/\/pbojakowski.pl\/en\/wp-json\/wp\/v2\/users\/1"}],"replies":[{"embeddable":true,"href":"https:\/\/pbojakowski.pl\/en\/wp-json\/wp\/v2\/comments?post=466"}],"version-history":[{"count":2,"href":"https:\/\/pbojakowski.pl\/en\/wp-json\/wp\/v2\/pages\/466\/revisions"}],"predecessor-version":[{"id":561,"href":"https:\/\/pbojakowski.pl\/en\/wp-json\/wp\/v2\/pages\/466\/revisions\/561"}],"wp:attachment":[{"href":"https:\/\/pbojakowski.pl\/en\/wp-json\/wp\/v2\/media?parent=466"}],"curies":[{"name":"wp","href":"https:\/\/api.w.org\/{rel}","templated":true}]}}