{"id":469,"date":"2025-02-10T14:01:17","date_gmt":"2025-02-10T13:01:17","guid":{"rendered":"https:\/\/pbojakowski.pl\/?page_id=469"},"modified":"2025-03-18T15:44:32","modified_gmt":"2025-03-18T14:44:32","slug":"zawory-manometryczne","status":"publish","type":"page","link":"https:\/\/pbojakowski.pl\/en\/zawory-manometryczne\/","title":{"rendered":"Zawory manometryczne"},"content":{"rendered":"<p class=\"has-custom-color-2-color has-text-color has-link-color wp-elements-54ad3f614920a0010888f01b3c3c293c\">Manometer valves are used to shut off, regulate and vent measuring systems, protecting manometers against sudden pressure surges.<\/p>\n\n\n\n<h3 class=\"wp-block-heading has-custom-color-2-color has-text-color has-link-color wp-elements-95bcd63fbb965935c72efb0091c550a3\">Technical data:<\/h3>\n\n\n\n<ul class=\"wp-block-list\">\n<li class=\"has-custom-color-2-color has-text-color has-link-color wp-elements-6b492f9ac0a3bc0d74c5d7ab49cccafc\"><strong>Materials:<\/strong> brass, stainless steel 304 (1.4301), stainless steel 316L (1.4404)<\/li>\n\n\n\n<li class=\"has-custom-color-2-color has-text-color has-link-color wp-elements-3f5029ff9cfa2d73f09f67d32ead225a\"><strong>Connection types:<\/strong> threaded (M20x1.5, G1\/2, G1\/4, NPT), flanged<\/li>\n\n\n\n<li class=\"has-custom-color-2-color has-text-color has-link-color wp-elements-909eeedf1348e2704272f2a60f31e2e1\"><strong>Working pressure:<\/strong> up to 400 bar (depending on model and material)<\/li>\n\n\n\n<li class=\"has-custom-color-2-color has-text-color has-link-color wp-elements-52885063d63280020c660e7d0e914388\"><strong>Features:<\/strong> flow cut-off, venting, pulsation reduction<\/li>\n<\/ul>\n\n\n\n<h3 class=\"wp-block-heading has-custom-color-2-color has-text-color has-link-color wp-elements-939a90698ea2b7f990c3da5b97069985\">Types of valves:<\/h3>\n\n\n\n<ul class=\"wp-block-list\">\n<li class=\"has-custom-color-2-color has-text-color has-link-color wp-elements-ceb84fbeb07f5880f06288bc7e3731be\"><strong>Needle valves:<\/strong> precise flow regulation and medium shut-off<\/li>\n\n\n\n<li class=\"has-custom-color-2-color has-text-color has-link-color wp-elements-ac02f6a8a910ab87e01831c2606b3105\"><strong>Ball valves:<\/strong> quick opening and closing of the flow<\/li>\n\n\n\n<li class=\"has-custom-color-2-color has-text-color has-link-color wp-elements-0d31d6a8a9ef3697825dff8765ecf8ca\"><strong>Three-way valves:<\/strong> used in measuring systems to switch between pressure gauges<\/li>\n<\/ul>\n\n\n\n<p class=\"has-custom-color-2-color has-text-color has-link-color wp-elements-86ae62d8e784d0bc0a3fe996182ef471\"><strong>Pressure Gauges Valves are available in various variants, adapted to specific operating conditions and media.<\/strong><\/p>","protected":false},"excerpt":{"rendered":"<p>Zawory manometryczne s\u0105 stosowane do odcinania, regulacji oraz odpowietrzania uk\u0142ad\u00f3w pomiarowych, chroni\u0105c manometry przed nag\u0142ymi skokami ci\u015bnienia. Dane techniczne: Rodzaje zawor\u00f3w: Zawory manometryczne s\u0105 dost\u0119pne w r\u00f3\u017cnych wariantach, dostosowanych do specyficznych warunk\u00f3w pracy i medium.<\/p>","protected":false},"author":1,"featured_media":0,"parent":0,"menu_order":0,"comment_status":"closed","ping_status":"closed","template":"zawory","meta":{"footnotes":""},"class_list":["post-469","page","type-page","status-publish","hentry"],"yoast_head":"<!-- This site is optimized with the Yoast SEO plugin v27.4 - https:\/\/yoast.com\/product\/yoast-seo-wordpress\/ -->\n<title>Zawory manometryczne - PB Piotr Bojakowski<\/title>\n<meta name=\"description\" content=\"Zawory manometryczne do odcinania, odpowietrzania i ochrony uk\u0142ad\u00f3w pomiarowych przed skokami ci\u015bnienia. Z mosi\u0105dzu i stali kwasoodpornej.\" \/>\n<meta name=\"robots\" content=\"index, follow, max-snippet:-1, max-image-preview:large, max-video-preview:-1\" \/>\n<link rel=\"canonical\" href=\"https:\/\/pbojakowski.pl\/en\/zawory-manometryczne\/\" \/>\n<meta property=\"og:locale\" content=\"en_US\" \/>\n<meta property=\"og:type\" content=\"article\" \/>\n<meta property=\"og:title\" content=\"Zawory manometryczne - PB Piotr Bojakowski\" \/>\n<meta property=\"og:description\" content=\"Zawory manometryczne do odcinania, odpowietrzania i ochrony uk\u0142ad\u00f3w pomiarowych przed skokami ci\u015bnienia. Z mosi\u0105dzu i stali kwasoodpornej.\" \/>\n<meta property=\"og:url\" content=\"https:\/\/pbojakowski.pl\/en\/zawory-manometryczne\/\" \/>\n<meta property=\"og:site_name\" content=\"PB Piotr Bojakowski\" \/>\n<meta property=\"article:modified_time\" content=\"2025-03-18T14:44:32+00:00\" \/>\n<meta name=\"twitter:card\" content=\"summary_large_image\" \/>\n<meta name=\"twitter:label1\" content=\"Est. reading time\" \/>\n\t<meta name=\"twitter:data1\" content=\"1 minute\" \/>\n<script type=\"application\/ld+json\" class=\"yoast-schema-graph\">{\"@context\":\"https:\\\/\\\/schema.org\",\"@graph\":[{\"@type\":\"WebPage\",\"@id\":\"https:\\\/\\\/pbojakowski.pl\\\/zawory-manometryczne\\\/\",\"url\":\"https:\\\/\\\/pbojakowski.pl\\\/zawory-manometryczne\\\/\",\"name\":\"Zawory manometryczne - PB Piotr Bojakowski\",\"isPartOf\":{\"@id\":\"https:\\\/\\\/pbojakowski.pl\\\/#website\"},\"datePublished\":\"2025-02-10T13:01:17+00:00\",\"dateModified\":\"2025-03-18T14:44:32+00:00\",\"description\":\"Zawory manometryczne do odcinania, odpowietrzania i ochrony uk\u0142ad\u00f3w pomiarowych przed skokami ci\u015bnienia. Z mosi\u0105dzu i stali kwasoodpornej.\",\"breadcrumb\":{\"@id\":\"https:\\\/\\\/pbojakowski.pl\\\/zawory-manometryczne\\\/#breadcrumb\"},\"inLanguage\":\"en-US\",\"potentialAction\":[{\"@type\":\"ReadAction\",\"target\":[\"https:\\\/\\\/pbojakowski.pl\\\/zawory-manometryczne\\\/\"]}]},{\"@type\":\"BreadcrumbList\",\"@id\":\"https:\\\/\\\/pbojakowski.pl\\\/zawory-manometryczne\\\/#breadcrumb\",\"itemListElement\":[{\"@type\":\"ListItem\",\"position\":1,\"name\":\"Strona g\u0142\u00f3wna\",\"item\":\"https:\\\/\\\/pbojakowski.pl\\\/\"},{\"@type\":\"ListItem\",\"position\":2,\"name\":\"Zawory manometryczne\"}]},{\"@type\":\"WebSite\",\"@id\":\"https:\\\/\\\/pbojakowski.pl\\\/#website\",\"url\":\"https:\\\/\\\/pbojakowski.pl\\\/\",\"name\":\"PB Piotr Bojakowski\",\"description\":\"\",\"publisher\":{\"@id\":\"https:\\\/\\\/pbojakowski.pl\\\/#organization\"},\"potentialAction\":[{\"@type\":\"SearchAction\",\"target\":{\"@type\":\"EntryPoint\",\"urlTemplate\":\"https:\\\/\\\/pbojakowski.pl\\\/?s={search_term_string}\"},\"query-input\":{\"@type\":\"PropertyValueSpecification\",\"valueRequired\":true,\"valueName\":\"search_term_string\"}}],\"inLanguage\":\"en-US\"},{\"@type\":\"Organization\",\"@id\":\"https:\\\/\\\/pbojakowski.pl\\\/#organization\",\"name\":\"PB Piotr Bojakowski\",\"url\":\"https:\\\/\\\/pbojakowski.pl\\\/\",\"logo\":{\"@type\":\"ImageObject\",\"inLanguage\":\"en-US\",\"@id\":\"https:\\\/\\\/pbojakowski.pl\\\/#\\\/schema\\\/logo\\\/image\\\/\",\"url\":\"https:\\\/\\\/pbojakowski.pl\\\/wp-content\\\/uploads\\\/2025\\\/01\\\/Untitled-2-1.webp\",\"contentUrl\":\"https:\\\/\\\/pbojakowski.pl\\\/wp-content\\\/uploads\\\/2025\\\/01\\\/Untitled-2-1.webp\",\"width\":250,\"height\":189,\"caption\":\"PB Piotr Bojakowski\"},\"image\":{\"@id\":\"https:\\\/\\\/pbojakowski.pl\\\/#\\\/schema\\\/logo\\\/image\\\/\"}}]}<\/script>\n<!-- \/ Yoast SEO plugin. -->","yoast_head_json":{"title":"Zawory manometryczne - PB Piotr Bojakowski","description":"Zawory manometryczne do odcinania, odpowietrzania i ochrony uk\u0142ad\u00f3w pomiarowych przed skokami ci\u015bnienia. Z mosi\u0105dzu i stali kwasoodpornej.","robots":{"index":"index","follow":"follow","max-snippet":"max-snippet:-1","max-image-preview":"max-image-preview:large","max-video-preview":"max-video-preview:-1"},"canonical":"https:\/\/pbojakowski.pl\/en\/zawory-manometryczne\/","og_locale":"en_US","og_type":"article","og_title":"Zawory manometryczne - PB Piotr Bojakowski","og_description":"Zawory manometryczne do odcinania, odpowietrzania i ochrony uk\u0142ad\u00f3w pomiarowych przed skokami ci\u015bnienia. Z mosi\u0105dzu i stali kwasoodpornej.","og_url":"https:\/\/pbojakowski.pl\/en\/zawory-manometryczne\/","og_site_name":"PB Piotr Bojakowski","article_modified_time":"2025-03-18T14:44:32+00:00","twitter_card":"summary_large_image","twitter_misc":{"Est. reading time":"1 minute"},"schema":{"@context":"https:\/\/schema.org","@graph":[{"@type":"WebPage","@id":"https:\/\/pbojakowski.pl\/zawory-manometryczne\/","url":"https:\/\/pbojakowski.pl\/zawory-manometryczne\/","name":"Zawory manometryczne - PB Piotr Bojakowski","isPartOf":{"@id":"https:\/\/pbojakowski.pl\/#website"},"datePublished":"2025-02-10T13:01:17+00:00","dateModified":"2025-03-18T14:44:32+00:00","description":"Zawory manometryczne do odcinania, odpowietrzania i ochrony uk\u0142ad\u00f3w pomiarowych przed skokami ci\u015bnienia. Z mosi\u0105dzu i stali kwasoodpornej.","breadcrumb":{"@id":"https:\/\/pbojakowski.pl\/zawory-manometryczne\/#breadcrumb"},"inLanguage":"en-US","potentialAction":[{"@type":"ReadAction","target":["https:\/\/pbojakowski.pl\/zawory-manometryczne\/"]}]},{"@type":"BreadcrumbList","@id":"https:\/\/pbojakowski.pl\/zawory-manometryczne\/#breadcrumb","itemListElement":[{"@type":"ListItem","position":1,"name":"Strona g\u0142\u00f3wna","item":"https:\/\/pbojakowski.pl\/"},{"@type":"ListItem","position":2,"name":"Zawory manometryczne"}]},{"@type":"WebSite","@id":"https:\/\/pbojakowski.pl\/#website","url":"https:\/\/pbojakowski.pl\/","name":"PB Piotr Bojakowski","description":"","publisher":{"@id":"https:\/\/pbojakowski.pl\/#organization"},"potentialAction":[{"@type":"SearchAction","target":{"@type":"EntryPoint","urlTemplate":"https:\/\/pbojakowski.pl\/?s={search_term_string}"},"query-input":{"@type":"PropertyValueSpecification","valueRequired":true,"valueName":"search_term_string"}}],"inLanguage":"en-US"},{"@type":"Organization","@id":"https:\/\/pbojakowski.pl\/#organization","name":"PB Piotr Bojakowski","url":"https:\/\/pbojakowski.pl\/","logo":{"@type":"ImageObject","inLanguage":"en-US","@id":"https:\/\/pbojakowski.pl\/#\/schema\/logo\/image\/","url":"https:\/\/pbojakowski.pl\/wp-content\/uploads\/2025\/01\/Untitled-2-1.webp","contentUrl":"https:\/\/pbojakowski.pl\/wp-content\/uploads\/2025\/01\/Untitled-2-1.webp","width":250,"height":189,"caption":"PB Piotr Bojakowski"},"image":{"@id":"https:\/\/pbojakowski.pl\/#\/schema\/logo\/image\/"}}]}},"_links":{"self":[{"href":"https:\/\/pbojakowski.pl\/en\/wp-json\/wp\/v2\/pages\/469","targetHints":{"allow":["GET"]}}],"collection":[{"href":"https:\/\/pbojakowski.pl\/en\/wp-json\/wp\/v2\/pages"}],"about":[{"href":"https:\/\/pbojakowski.pl\/en\/wp-json\/wp\/v2\/types\/page"}],"author":[{"embeddable":true,"href":"https:\/\/pbojakowski.pl\/en\/wp-json\/wp\/v2\/users\/1"}],"replies":[{"embeddable":true,"href":"https:\/\/pbojakowski.pl\/en\/wp-json\/wp\/v2\/comments?post=469"}],"version-history":[{"count":3,"href":"https:\/\/pbojakowski.pl\/en\/wp-json\/wp\/v2\/pages\/469\/revisions"}],"predecessor-version":[{"id":618,"href":"https:\/\/pbojakowski.pl\/en\/wp-json\/wp\/v2\/pages\/469\/revisions\/618"}],"wp:attachment":[{"href":"https:\/\/pbojakowski.pl\/en\/wp-json\/wp\/v2\/media?parent=469"}],"curies":[{"name":"wp","href":"https:\/\/api.w.org\/{rel}","templated":true}]}}