{"id":514,"date":"2025-02-12T13:18:24","date_gmt":"2025-02-12T12:18:24","guid":{"rendered":"https:\/\/pbojakowski.pl\/?page_id=514"},"modified":"2025-02-12T15:15:28","modified_gmt":"2025-02-12T14:15:28","slug":"manometry-z-obudowa-kwasoodporna-i-kroccem-z-mosiadzu","status":"publish","type":"page","link":"https:\/\/pbojakowski.pl\/en\/manometry-z-obudowa-kwasoodporna-i-kroccem-z-mosiadzu\/","title":{"rendered":"Stainless Steel Case Pressure Gauges with Brass Connection"},"content":{"rendered":"<p class=\"has-custom-color-2-color has-text-color has-link-color wp-elements-94e99161d81e06de28007eb01738e5d3\">Pressure gauges with stainless steel housing are designed to measure pressures of media that do not corrode <strong>brass<\/strong> and <strong>bronze<\/strong>.<\/p>\n\n\n\n<h3 class=\"wp-block-heading has-custom-color-2-color has-text-color has-link-color wp-elements-95bcd63fbb965935c72efb0091c550a3\">Technical data:<\/h3>\n\n\n\n<ul class=\"wp-block-list\">\n<li class=\"has-custom-color-2-color has-text-color has-link-color wp-elements-74858aeb48f6811392f81932fa489d63 translation-block\"><strong>Temperature of the measured medium:<\/strong> max. 100\u00b0C<\/li>\n\n\n\n<li class=\"has-custom-color-2-color has-text-color has-link-color wp-elements-672a02816e8428adcd03702bbb17f6b5\"><strong>Diameters:<\/strong> 63 mm, 100 mm, 160 mm<\/li>\n\n\n\n<li class=\"has-custom-color-2-color has-text-color has-link-color wp-elements-c3161c88a8ef66109fc556f7db1f25da\"><strong>Connection threads:<\/strong> M20x1,5, G1\/2, G1\/4<\/li>\n\n\n\n<li class=\"has-custom-color-2-color has-text-color has-link-color wp-elements-0b0b2beab7a0147e55303bc9b44be645\"><strong>Case:<\/strong> stainless steel 304 (1.4301)<\/li>\n\n\n\n<li class=\"has-custom-color-2-color has-text-color has-link-color wp-elements-02cd2e415c8e99e40372bdb00e50bfb3\"><strong>Bourdon tube material:<\/strong> bronze<\/li>\n\n\n\n<li class=\"has-custom-color-2-color has-text-color has-link-color wp-elements-ebdb0cb909bcac3091173386f7d28b35\"><strong>Connection material:<\/strong> brass<\/li>\n\n\n\n<li class=\"has-custom-color-2-color has-text-color has-link-color wp-elements-39a0dd53348f507d0ce20058f1babba3\"><strong>Window:<\/strong> glass, safety glass or polycarbonate<\/li>\n<\/ul>\n\n\n\n<h3 class=\"wp-block-heading has-custom-color-2-color has-text-color has-link-color wp-elements-b7f351bafbc1778e4ea574f1511ce15f\">Additional options:<\/h3>\n\n\n\n<ul class=\"wp-block-list\">\n<li class=\"has-custom-color-2-color has-text-color has-link-color wp-elements-b79bab3036698c507c2859cf11499111\">Can be filled upon request <strong>glycerine<\/strong> or <strong>silicone oil<\/strong><\/li>\n\n\n\n<li class=\"has-custom-color-2-color has-text-color has-link-color wp-elements-744faab8fea879774852eefb501d2611\">Pressure gauges can be supplied with <strong>Diaphragm Seals<\/strong><\/li>\n\n\n\n<li class=\"has-custom-color-2-color has-text-color has-link-color wp-elements-68d8c61f08e3cd0a7df177d352324c5b\">Delivery possible with <strong>check or calibration protocols<\/strong><\/li>\n<\/ul>","protected":false},"excerpt":{"rendered":"<p>Manometry z obudow\u0105 ze stali kwasoodpornej s\u0105 przeznaczone do pomiaru ci\u015bnie\u0144 medi\u00f3w, kt\u00f3re nie powoduj\u0105 korozji mosi\u0105dzu i br\u0105zu. Dane techniczne: Opcje dodatkowe:<\/p>","protected":false},"author":1,"featured_media":0,"parent":0,"menu_order":0,"comment_status":"closed","ping_status":"closed","template":"","meta":{"footnotes":""},"class_list":["post-514","page","type-page","status-publish","hentry"],"yoast_head":"<!-- This site is optimized with the Yoast SEO plugin v27.4 - https:\/\/yoast.com\/product\/yoast-seo-wordpress\/ -->\n<title>Manometry z obudow\u0105 kwasoodporn\u0105 i kr\u00f3\u0107cem z mosi\u0105dzu - PB Piotr Bojakowski<\/title>\n<meta name=\"robots\" content=\"index, follow, max-snippet:-1, max-image-preview:large, max-video-preview:-1\" \/>\n<link rel=\"canonical\" href=\"https:\/\/pbojakowski.pl\/en\/manometry-z-obudowa-kwasoodporna-i-kroccem-z-mosiadzu\/\" \/>\n<meta property=\"og:locale\" content=\"en_US\" \/>\n<meta property=\"og:type\" content=\"article\" \/>\n<meta property=\"og:title\" content=\"Manometry z obudow\u0105 kwasoodporn\u0105 i kr\u00f3\u0107cem z mosi\u0105dzu - PB Piotr Bojakowski\" \/>\n<meta property=\"og:description\" content=\"Manometry z obudow\u0105 ze stali kwasoodpornej s\u0105 przeznaczone do pomiaru ci\u015bnie\u0144 medi\u00f3w, kt\u00f3re nie powoduj\u0105 korozji mosi\u0105dzu i br\u0105zu. Dane techniczne: Opcje dodatkowe:\" \/>\n<meta property=\"og:url\" content=\"https:\/\/pbojakowski.pl\/en\/manometry-z-obudowa-kwasoodporna-i-kroccem-z-mosiadzu\/\" \/>\n<meta property=\"og:site_name\" content=\"PB Piotr Bojakowski\" \/>\n<meta property=\"article:modified_time\" content=\"2025-02-12T14:15:28+00:00\" \/>\n<meta name=\"twitter:card\" content=\"summary_large_image\" \/>\n<meta name=\"twitter:label1\" content=\"Est. reading time\" \/>\n\t<meta name=\"twitter:data1\" content=\"1 minute\" \/>\n<script type=\"application\/ld+json\" class=\"yoast-schema-graph\">{\"@context\":\"https:\\\/\\\/schema.org\",\"@graph\":[{\"@type\":\"WebPage\",\"@id\":\"https:\\\/\\\/pbojakowski.pl\\\/manometry-z-obudowa-kwasoodporna-i-kroccem-z-mosiadzu\\\/\",\"url\":\"https:\\\/\\\/pbojakowski.pl\\\/manometry-z-obudowa-kwasoodporna-i-kroccem-z-mosiadzu\\\/\",\"name\":\"Manometry z obudow\u0105 kwasoodporn\u0105 i kr\u00f3\u0107cem z mosi\u0105dzu - PB Piotr Bojakowski\",\"isPartOf\":{\"@id\":\"https:\\\/\\\/pbojakowski.pl\\\/#website\"},\"datePublished\":\"2025-02-12T12:18:24+00:00\",\"dateModified\":\"2025-02-12T14:15:28+00:00\",\"breadcrumb\":{\"@id\":\"https:\\\/\\\/pbojakowski.pl\\\/manometry-z-obudowa-kwasoodporna-i-kroccem-z-mosiadzu\\\/#breadcrumb\"},\"inLanguage\":\"en-US\",\"potentialAction\":[{\"@type\":\"ReadAction\",\"target\":[\"https:\\\/\\\/pbojakowski.pl\\\/manometry-z-obudowa-kwasoodporna-i-kroccem-z-mosiadzu\\\/\"]}]},{\"@type\":\"BreadcrumbList\",\"@id\":\"https:\\\/\\\/pbojakowski.pl\\\/manometry-z-obudowa-kwasoodporna-i-kroccem-z-mosiadzu\\\/#breadcrumb\",\"itemListElement\":[{\"@type\":\"ListItem\",\"position\":1,\"name\":\"Strona g\u0142\u00f3wna\",\"item\":\"https:\\\/\\\/pbojakowski.pl\\\/\"},{\"@type\":\"ListItem\",\"position\":2,\"name\":\"Manometry z obudow\u0105 kwasoodporn\u0105 i kr\u00f3\u0107cem z mosi\u0105dzu\"}]},{\"@type\":\"WebSite\",\"@id\":\"https:\\\/\\\/pbojakowski.pl\\\/#website\",\"url\":\"https:\\\/\\\/pbojakowski.pl\\\/\",\"name\":\"PB Piotr Bojakowski\",\"description\":\"\",\"publisher\":{\"@id\":\"https:\\\/\\\/pbojakowski.pl\\\/#organization\"},\"potentialAction\":[{\"@type\":\"SearchAction\",\"target\":{\"@type\":\"EntryPoint\",\"urlTemplate\":\"https:\\\/\\\/pbojakowski.pl\\\/?s={search_term_string}\"},\"query-input\":{\"@type\":\"PropertyValueSpecification\",\"valueRequired\":true,\"valueName\":\"search_term_string\"}}],\"inLanguage\":\"en-US\"},{\"@type\":\"Organization\",\"@id\":\"https:\\\/\\\/pbojakowski.pl\\\/#organization\",\"name\":\"PB Piotr Bojakowski\",\"url\":\"https:\\\/\\\/pbojakowski.pl\\\/\",\"logo\":{\"@type\":\"ImageObject\",\"inLanguage\":\"en-US\",\"@id\":\"https:\\\/\\\/pbojakowski.pl\\\/#\\\/schema\\\/logo\\\/image\\\/\",\"url\":\"https:\\\/\\\/pbojakowski.pl\\\/wp-content\\\/uploads\\\/2025\\\/01\\\/Untitled-2-1.webp\",\"contentUrl\":\"https:\\\/\\\/pbojakowski.pl\\\/wp-content\\\/uploads\\\/2025\\\/01\\\/Untitled-2-1.webp\",\"width\":250,\"height\":189,\"caption\":\"PB Piotr Bojakowski\"},\"image\":{\"@id\":\"https:\\\/\\\/pbojakowski.pl\\\/#\\\/schema\\\/logo\\\/image\\\/\"}}]}<\/script>\n<!-- \/ Yoast SEO plugin. -->","yoast_head_json":{"title":"Manometry z obudow\u0105 kwasoodporn\u0105 i kr\u00f3\u0107cem z mosi\u0105dzu - PB Piotr Bojakowski","robots":{"index":"index","follow":"follow","max-snippet":"max-snippet:-1","max-image-preview":"max-image-preview:large","max-video-preview":"max-video-preview:-1"},"canonical":"https:\/\/pbojakowski.pl\/en\/manometry-z-obudowa-kwasoodporna-i-kroccem-z-mosiadzu\/","og_locale":"en_US","og_type":"article","og_title":"Manometry z obudow\u0105 kwasoodporn\u0105 i kr\u00f3\u0107cem z mosi\u0105dzu - PB Piotr Bojakowski","og_description":"Manometry z obudow\u0105 ze stali kwasoodpornej s\u0105 przeznaczone do pomiaru ci\u015bnie\u0144 medi\u00f3w, kt\u00f3re nie powoduj\u0105 korozji mosi\u0105dzu i br\u0105zu. Dane techniczne: Opcje dodatkowe:","og_url":"https:\/\/pbojakowski.pl\/en\/manometry-z-obudowa-kwasoodporna-i-kroccem-z-mosiadzu\/","og_site_name":"PB Piotr Bojakowski","article_modified_time":"2025-02-12T14:15:28+00:00","twitter_card":"summary_large_image","twitter_misc":{"Est. reading time":"1 minute"},"schema":{"@context":"https:\/\/schema.org","@graph":[{"@type":"WebPage","@id":"https:\/\/pbojakowski.pl\/manometry-z-obudowa-kwasoodporna-i-kroccem-z-mosiadzu\/","url":"https:\/\/pbojakowski.pl\/manometry-z-obudowa-kwasoodporna-i-kroccem-z-mosiadzu\/","name":"Manometry z obudow\u0105 kwasoodporn\u0105 i kr\u00f3\u0107cem z mosi\u0105dzu - PB Piotr Bojakowski","isPartOf":{"@id":"https:\/\/pbojakowski.pl\/#website"},"datePublished":"2025-02-12T12:18:24+00:00","dateModified":"2025-02-12T14:15:28+00:00","breadcrumb":{"@id":"https:\/\/pbojakowski.pl\/manometry-z-obudowa-kwasoodporna-i-kroccem-z-mosiadzu\/#breadcrumb"},"inLanguage":"en-US","potentialAction":[{"@type":"ReadAction","target":["https:\/\/pbojakowski.pl\/manometry-z-obudowa-kwasoodporna-i-kroccem-z-mosiadzu\/"]}]},{"@type":"BreadcrumbList","@id":"https:\/\/pbojakowski.pl\/manometry-z-obudowa-kwasoodporna-i-kroccem-z-mosiadzu\/#breadcrumb","itemListElement":[{"@type":"ListItem","position":1,"name":"Strona g\u0142\u00f3wna","item":"https:\/\/pbojakowski.pl\/"},{"@type":"ListItem","position":2,"name":"Manometry z obudow\u0105 kwasoodporn\u0105 i kr\u00f3\u0107cem z mosi\u0105dzu"}]},{"@type":"WebSite","@id":"https:\/\/pbojakowski.pl\/#website","url":"https:\/\/pbojakowski.pl\/","name":"PB Piotr Bojakowski","description":"","publisher":{"@id":"https:\/\/pbojakowski.pl\/#organization"},"potentialAction":[{"@type":"SearchAction","target":{"@type":"EntryPoint","urlTemplate":"https:\/\/pbojakowski.pl\/?s={search_term_string}"},"query-input":{"@type":"PropertyValueSpecification","valueRequired":true,"valueName":"search_term_string"}}],"inLanguage":"en-US"},{"@type":"Organization","@id":"https:\/\/pbojakowski.pl\/#organization","name":"PB Piotr Bojakowski","url":"https:\/\/pbojakowski.pl\/","logo":{"@type":"ImageObject","inLanguage":"en-US","@id":"https:\/\/pbojakowski.pl\/#\/schema\/logo\/image\/","url":"https:\/\/pbojakowski.pl\/wp-content\/uploads\/2025\/01\/Untitled-2-1.webp","contentUrl":"https:\/\/pbojakowski.pl\/wp-content\/uploads\/2025\/01\/Untitled-2-1.webp","width":250,"height":189,"caption":"PB Piotr Bojakowski"},"image":{"@id":"https:\/\/pbojakowski.pl\/#\/schema\/logo\/image\/"}}]}},"_links":{"self":[{"href":"https:\/\/pbojakowski.pl\/en\/wp-json\/wp\/v2\/pages\/514","targetHints":{"allow":["GET"]}}],"collection":[{"href":"https:\/\/pbojakowski.pl\/en\/wp-json\/wp\/v2\/pages"}],"about":[{"href":"https:\/\/pbojakowski.pl\/en\/wp-json\/wp\/v2\/types\/page"}],"author":[{"embeddable":true,"href":"https:\/\/pbojakowski.pl\/en\/wp-json\/wp\/v2\/users\/1"}],"replies":[{"embeddable":true,"href":"https:\/\/pbojakowski.pl\/en\/wp-json\/wp\/v2\/comments?post=514"}],"version-history":[{"count":2,"href":"https:\/\/pbojakowski.pl\/en\/wp-json\/wp\/v2\/pages\/514\/revisions"}],"predecessor-version":[{"id":571,"href":"https:\/\/pbojakowski.pl\/en\/wp-json\/wp\/v2\/pages\/514\/revisions\/571"}],"wp:attachment":[{"href":"https:\/\/pbojakowski.pl\/en\/wp-json\/wp\/v2\/media?parent=514"}],"curies":[{"name":"wp","href":"https:\/\/api.w.org\/{rel}","templated":true}]}}